{"id":4902,"date":"2017-11-21T09:31:38","date_gmt":"2017-11-21T08:31:38","guid":{"rendered":"https:\/\/www.dwinhotel.com\/en\/?page_id=4902"},"modified":"2024-02-13T14:22:49","modified_gmt":"2024-02-13T13:22:49","slug":"general-terms-of-use-and-legal-notice","status":"publish","type":"page","link":"https:\/\/www.dwinhotel.com\/en\/general-terms-of-use-and-legal-notice\/","title":{"rendered":"General terms of use and legal notice"},"content":{"rendered":"<div id=\"pl-4902\"  class=\"panel-layout\" ><div id=\"pg-4902-0\"  class=\"panel-grid panel-no-style\" ><div id=\"pgc-4902-0-0\"  class=\"panel-grid-cell\" ><div id=\"panel-4902-0-0-0\" class=\"so-panel widget widget_sow-editor panel-first-child panel-last-child\" data-index=\"0\" ><div class=\"so-widget-sow-editor so-widget-sow-editor-base\"><h3 class=\"widget-title\">General Terms of use and legal notice<\/h3>\n<div class=\"siteorigin-widget-tinymce textwidget\">\n\t<h1 style=\"text-align: center;\"><strong>GENERAL TERMS OF USE AND LEGAL NOTICE<\/strong><\/h1>\n<p>&nbsp;<\/p>\n<p>the website accessible at <a href=\"http:\/\/www.dwinhotel.com\">www.dwinhotel.com<\/a> (hereinafter referred to as the \"Site\") is published by DIHO (hereinafter referred to as \"D'WIN\"), a French company registered in the Paris Trade and Companies Register under number Paris B 791 458 060, whose registered office is located at 20 rue du Temple, 75004 Paris FRANCE; telephone number +33(0)1 44 54 05 05. SAS Hotel D'Win has the following individual VAT identification number: FR 39353600802.<\/p>\n<p>Access to the Site and use of its content are subject to the terms of use described below. The fact of accessing and browsing the Site constitutes the Internet user's unreserved acceptance of the following details.<\/p>\n<h2>Publishing company: D'WIN<\/h2>\n<p>URL : <a href=\"http:\/\/www.dwinhotel.com\">www.dwinhotel.com<\/a><\/p>\n<p>Legal status: SAS Soci\u00e9t\u00e9 par actions simplifi\u00e9e<\/p>\n<p>Registered office: 20 rue du Temple, 75004 Paris FRANCE<\/p>\n<p>SIRET : 79145806000013<\/p>\n<p>Share capital: 10 000,00 \u20ac<\/p>\n<p>RCS : Paris B 791 458 060<\/p>\n<p>Intracommunity VAT no.: FR44791458060<\/p>\n<p>APE Code: H\u00f4tels et h\u00e9bergements similaires (5510Z)<\/p>\n<p>Phone: +33(0)1 44 54 05 05<\/p>\n<p>E-mail: contact@dwinhotel.com<\/p>\n<p>In application of the French Intellectual Property Code (copyright), the reproduction for other than private use, sale, distribution, publication, adaptation or communication, in part or in full, of the data (presentation, site layout, photos, texts and illustrations protected by copyright) is strictly subject to the prior written authorization of the holders of the rights, in fact the webmaster of the website: info @ hotel-webdesign.com<br \/>\nBy accessing this site, you are informed that use of the Internet requires compliance with a number of laws, in particular those relating to copyright and the French Data Protection Act (Loi Informatique et Libert\u00e9).<\/p>\n<h3>Hosting and Publication: OVH<\/h3>\n<p>URL: <a href=\"http:\/\/www.ovh.com\">www.ovh.com<\/a><\/p>\n<p>Company: OVH<\/p>\n<p>Legal form: Simplified joint stock company (SAS)<\/p>\n<p>HEAD OFFICE: 2 rue Kellermann - 59100 Roubaix - France<\/p>\n<p>SIRET: 424 761 419 00045<\/p>\n<p>SHARE CAPITAL: \u20ac10,069,020<\/p>\n<p>RCS: Lille M\u00e9tropole 424 761 419<\/p>\n<p>Intracommunity VAT: FR 22 424 761 419<\/p>\n<p>APE code: 6311Z<\/p>\n<p>Tel: +33 9 72 10 10 07<\/p>\n<p>Email: cil@ovh.net<\/p>\n<h2>Terms of use<\/h2>\n<p>This Site is proposed in different web languages (HTML, HTML5, Javascript, CSS, etc...) for a better comfort of use and a more pleasant graphics, we recommend you to use modern browsers such as Internet explorer, Safari, Firefox, Google Chrome, etc....<\/p>\n<p>We make every effort to provide reliable information and to keep the content of the Site up to date. However, errors or omissions may occur. Users should therefore check the accuracy of the information provided, and can notify us of any modifications to the Site they deem necessary.<\/p>\n<h2>Intellectual property<\/h2>\n<p>D'WIN is the only party entitled (directly or through licenses or authorizations) to use the elements making up the Site, the domain names, trademarks, models, etc., as well as the images and editorial content reproduced therein.<\/p>\n<p>The use of all or part of the Site, in particular by downloading, reproduction, transmission, representation or broadcasting for purposes other than consultation and use of the Site on a personal and private basis by the Internet user for non-commercial purposes, is strictly forbidden. Violation of these provisions exposes its author to the penalties provided for both by the French Intellectual Property Code, in particular for copyright infringement, and by the French Civil Code in terms of civil liability.<\/p>\n<h2>Responsibility<\/h2>\n<p>D'WIN makes every effort to ensure to the best of its ability the accuracy and updating of the information published on the Site, the content of which it reserves the right to modify at any time and without notice.<\/p>\n<p>The creation of any hypertext link to any of the web pages or elements comprising the Site is prohibited without the prior written authorization of D'WIN, which authorization may be revoked at any time. All content, websites or other sites with a hypertext link to the Site or any of its component parts are not under the control of D'WIN and the latter therefore declines all responsibility (in particular, editorial) concerning access to these websites and their content.<\/p>\n<h2>Hypertext links<\/h2>\n<p>The Site provides links to other websites or other resources available on the Internet. D'WIN has no means of controlling these external websites available on the Internet. D'WIN is not responsible for the availability of such external sites and sources, nor does it guarantee them. It cannot be held responsible for any damage whatsoever resulting from the content of these external sites or sources, and in particular from the information, products or services they offer, or from any use that may be made of these elements. The risks associated with such use shall be borne entirely by the Internet user, who must comply with their conditions of use.<\/p>\n<h2>Site availability<\/h2>\n<p>D'WIN makes every effort to keep the Site permanently accessible, but is under no obligation to do so. D'WIN may therefore interrupt access to the Site, in particular for maintenance or updating purposes, or for any other reason, in particular technical or editorial, without prior notice or information to Internet users, and cannot be held liable for the consequences of such interruptions, either to Internet users or to any third party.<\/p>\n<p>Furthermore, D'WIN shall not be held liable if Internet users are unable to access all or part of the Site due to any technical fault or problem, including but not limited to :<\/p>\n<ul>\n<li>Internet network failure and\/or congestion,<\/li>\n<li>Failure of Internet service providers,<\/li>\n<li>Human or electrical error,<\/li>\n<li>Any malicious intervention,<\/li>\n<li>Any software or hardware malfunction,<\/li>\n<li>A case of force majeure.<\/li>\n<\/ul>\n<h2>Services provided<\/h2>\n<p>All the company's activities and information are presented on our Site.<\/p>\n<p>D'WIN endeavors to provide information on the Site that is as accurate as possible. The photographs on the Site are not contractual.<\/p>\n<h2>Consumer mediator<\/h2>\n<p>The Customer is informed by D'WIN of the possibility of having recourse, in the event of a dispute relating to these General Terms and Conditions, to a conventional mediation procedure or any other alternative dispute resolution method, under the conditions provided for in Title I of Book VI of the French Consumer Code.<\/p>\n<p>Once you have referred the matter to D'WIN, and in the absence of a conclusive response within 60 days, you may refer the matter to the mediator using the contact details below or on their website. You can also find out how to contact them there.<\/p>\n<p>Mediator: <a href=\"http:\/\/cm2c.net\">CM2C<\/a> (cm2c.net)<\/p>\n<p>Phone number: +33(0)1 89 47 00 14<\/p>\n<p>Address: 14 Rue Saint Jean 75017 Paris<\/p>\n<p>SIRET: N\u00b0831 213 871 00013<\/p>\n<p>Legal status: Association D\u00e9clar\u00e9e<\/p>\n<ul>\n<li>To find out how to contact the Mediation officer, click on the following link: <a href=\"https:\/\/www.cm2c.net\/comment-nous-saisir.php\">How to report a consumer dispute to CM2C<\/a> (https:\/\/www.cm2c.net\/comment-nous-saisir.php)<\/li>\n<li>The Mediation officer's referral form can be accessed via the following link: <a href=\"https:\/\/www.cm2c.net\/declarer-un-litige.php\">Reporting a consumer dispute<\/a> (https:\/\/www.cm2c.net\/declarer-un-litige.php)<\/li>\n<\/ul>\n<p>D'WIN also informs the Customer of the existence of a European Online Dispute Resolution platform (\"RLL\") to which he\/she may have recourse. The Customer can access it from the following link: <a href=\"https:\/\/ec.europa.eu\/consumers\/odr\/\">https:\/\/ec.europa.eu\/consumers\/odr\/<\/a>.<\/p>\n<h2>Litigation<\/h2>\n<p>The reference language for the settlement of any disputes is French.<\/p>\n<h2>Cookies<\/h2>\n<p>The Site may ask you to accept cookies for statistical and display purposes. A cookie is a piece of information deposited on your hard disk by the server of the site you are visiting. It contains several pieces of data that are stored on your hard disk in a simple text file that a server accesses to read and record information.<\/p>\n<p>D'WIN uses these cookies to enable you to share content on social networks, to provide you with advertising offers in line with your tastes and to find out which pages of the Site you have visited and how often. This information is used exclusively for internal statistical purposes, in order to improve the quality of the services offered to you, to make the Site more user-friendly and to offer you tailored and personalized services the next time you visit the Site.<\/p>\n<p>To disable cookies, we invite you to click on the \"help\" tab of your browser or read the information that accompanies your browser software.<\/p>\n<p>Some parts of this Site cannot be used without accepting cookies.<\/p>\n<h2>Personal data<\/h2>\n<p>In general, you are not required to provide us with your personal data when you visit our Site.<\/p>\n<p>However, there are certain exceptions to this principle. Indeed, for certain services offered by our Site, you may be required to provide us with certain data such as: your name, the name of your company, your e-mail or postal address, and your telephone number or any other information. This is the case when you fill in the online form in the \"contact\" section, or when you complete a reservation.<\/p>\n<p>Any user who has provided directly or indirectly nominative information has the right to access and rectify this information by contacting the site administrator in accordance with French law no. 7817 of 6\/01\/78 (Informatique et Libert\u00e9).<\/p>\n<p>In all cases, you can refuse to provide your personal data. In this case, you will not be able to use the Site's services, in particular to complete your reservation or to use the contact form to answer your question.<\/p>\n<h2>List of opposition to telephone solicitation<\/h2>\n<p>In accordance with article L.223-2 of the French Consumer Code, consumers who do not wish to be the subject of commercial prospecting by telephone can register, free of charge, on a telephone canvassing opposition list. This list is accessible via the following website: <a href=\"http:\/\/www.bloctel.gouv.fr\">www.bloctel.gouv.fr<\/a>.<\/p>\n<\/div>\n<\/div><\/div><\/div><\/div><\/div>","protected":false},"excerpt":{"rendered":"<p>GENERAL TERMS OF USE AND LEGAL NOTICE &nbsp; the website accessible at www.dwinhotel.com (hereinafter referred to as the &#8220;Site&#8221;) is [&hellip;]<\/p>\n","protected":false},"author":2,"featured_media":0,"parent":0,"menu_order":0,"comment_status":"closed","ping_status":"closed","template":"","meta":{"spay_email":""},"yoast_head":"<!-- This site is optimized with the Yoast SEO plugin v18.1 - https:\/\/yoast.com\/wordpress\/plugins\/seo\/ -->\n<title>General terms of use and legal notice - DWIN H\u00f4tel Paris Marais<\/title>\n<meta name=\"robots\" content=\"noindex, nofollow\" \/>\n<meta property=\"og:locale\" content=\"en_US\" \/>\n<meta property=\"og:type\" content=\"article\" \/>\n<meta property=\"og:title\" content=\"General terms of use and legal notice - DWIN H\u00f4tel Paris Marais\" \/>\n<meta property=\"og:description\" content=\"GENERAL TERMS OF USE AND LEGAL NOTICE &nbsp; the website accessible at www.dwinhotel.com (hereinafter referred to as the &quot;Site&quot;) is [&hellip;]\" \/>\n<meta property=\"og:url\" content=\"https:\/\/www.dwinhotel.com\/en\/general-terms-of-use-and-legal-notice\/\" \/>\n<meta property=\"og:site_name\" content=\"DWIN H\u00f4tel Paris Marais\" \/>\n<meta property=\"article:publisher\" content=\"https:\/\/www.facebook.com\/DwinHotelParis\/\" \/>\n<meta property=\"article:modified_time\" content=\"2024-02-13T13:22:49+00:00\" \/>\n<meta name=\"twitter:card\" content=\"summary\" \/>\n<meta name=\"twitter:label1\" content=\"Est. reading time\" \/>\n\t<meta name=\"twitter:data1\" content=\"8 minutes\" \/>\n<script type=\"application\/ld+json\" class=\"yoast-schema-graph\">{\"@context\":\"https:\/\/schema.org\",\"@graph\":[{\"@type\":\"Organization\",\"@id\":\"https:\/\/www.dwinhotel.com\/#organization\",\"name\":\"DWIN HOTEL PARIS MARAIS\",\"url\":\"https:\/\/www.dwinhotel.com\/\",\"sameAs\":[\"https:\/\/www.facebook.com\/DwinHotelParis\/\"],\"logo\":{\"@type\":\"ImageObject\",\"@id\":\"https:\/\/www.dwinhotel.com\/#logo\",\"inLanguage\":\"ENH\",\"url\":\"https:\/\/www.dwinhotel.com\/wp-content\/uploads\/2017\/08\/Logo-rouge.png\",\"contentUrl\":\"https:\/\/www.dwinhotel.com\/wp-content\/uploads\/2017\/08\/Logo-rouge.png\",\"width\":280,\"height\":158,\"caption\":\"DWIN HOTEL PARIS MARAIS\"},\"image\":{\"@id\":\"https:\/\/www.dwinhotel.com\/#logo\"}},{\"@type\":\"WebSite\",\"@id\":\"https:\/\/www.dwinhotel.com\/#website\",\"url\":\"https:\/\/www.dwinhotel.com\/\",\"name\":\"DWIN H\u00f4tel Paris Marais\",\"description\":\"Votre h\u00f4tel dans le Marais \u00e0 Paris\",\"publisher\":{\"@id\":\"https:\/\/www.dwinhotel.com\/#organization\"},\"potentialAction\":[{\"@type\":\"SearchAction\",\"target\":{\"@type\":\"EntryPoint\",\"urlTemplate\":\"https:\/\/www.dwinhotel.com\/?s={search_term_string}\"},\"query-input\":\"required name=search_term_string\"}],\"inLanguage\":\"ENH\"},{\"@type\":\"WebPage\",\"@id\":\"https:\/\/www.dwinhotel.com\/en\/general-terms-of-use-and-legal-notice\/#webpage\",\"url\":\"https:\/\/www.dwinhotel.com\/en\/general-terms-of-use-and-legal-notice\/\",\"name\":\"General terms of use and legal notice - DWIN H\u00f4tel Paris Marais\",\"isPartOf\":{\"@id\":\"https:\/\/www.dwinhotel.com\/#website\"},\"datePublished\":\"2017-11-21T08:31:38+00:00\",\"dateModified\":\"2024-02-13T13:22:49+00:00\",\"breadcrumb\":{\"@id\":\"https:\/\/www.dwinhotel.com\/en\/general-terms-of-use-and-legal-notice\/#breadcrumb\"},\"inLanguage\":\"ENH\",\"potentialAction\":[{\"@type\":\"ReadAction\",\"target\":[\"https:\/\/www.dwinhotel.com\/en\/general-terms-of-use-and-legal-notice\/\"]}]},{\"@type\":\"BreadcrumbList\",\"@id\":\"https:\/\/www.dwinhotel.com\/en\/general-terms-of-use-and-legal-notice\/#breadcrumb\",\"itemListElement\":[{\"@type\":\"ListItem\",\"position\":1,\"name\":\"Accueil\",\"item\":\"https:\/\/www.dwinhotel.com\/en\/\"},{\"@type\":\"ListItem\",\"position\":2,\"name\":\"General terms of use and legal notice\"}]}]}<\/script>\n<!-- \/ Yoast SEO plugin. -->","yoast_head_json":{"title":"General terms of use and legal notice - DWIN H\u00f4tel Paris Marais","robots":{"index":"noindex","follow":"nofollow"},"og_locale":"en_US","og_type":"article","og_title":"General terms of use and legal notice - DWIN H\u00f4tel Paris Marais","og_description":"GENERAL TERMS OF USE AND LEGAL NOTICE &nbsp; the website accessible at www.dwinhotel.com (hereinafter referred to as the \"Site\") is [&hellip;]","og_url":"https:\/\/www.dwinhotel.com\/en\/general-terms-of-use-and-legal-notice\/","og_site_name":"DWIN H\u00f4tel Paris Marais","article_publisher":"https:\/\/www.facebook.com\/DwinHotelParis\/","article_modified_time":"2024-02-13T13:22:49+00:00","twitter_card":"summary","twitter_misc":{"Est. reading time":"8 minutes"},"schema":{"@context":"https:\/\/schema.org","@graph":[{"@type":"Organization","@id":"https:\/\/www.dwinhotel.com\/#organization","name":"DWIN HOTEL PARIS MARAIS","url":"https:\/\/www.dwinhotel.com\/","sameAs":["https:\/\/www.facebook.com\/DwinHotelParis\/"],"logo":{"@type":"ImageObject","@id":"https:\/\/www.dwinhotel.com\/#logo","inLanguage":"ENH","url":"https:\/\/www.dwinhotel.com\/wp-content\/uploads\/2017\/08\/Logo-rouge.png","contentUrl":"https:\/\/www.dwinhotel.com\/wp-content\/uploads\/2017\/08\/Logo-rouge.png","width":280,"height":158,"caption":"DWIN HOTEL PARIS MARAIS"},"image":{"@id":"https:\/\/www.dwinhotel.com\/#logo"}},{"@type":"WebSite","@id":"https:\/\/www.dwinhotel.com\/#website","url":"https:\/\/www.dwinhotel.com\/","name":"DWIN H\u00f4tel Paris Marais","description":"Votre h\u00f4tel dans le Marais \u00e0 Paris","publisher":{"@id":"https:\/\/www.dwinhotel.com\/#organization"},"potentialAction":[{"@type":"SearchAction","target":{"@type":"EntryPoint","urlTemplate":"https:\/\/www.dwinhotel.com\/?s={search_term_string}"},"query-input":"required name=search_term_string"}],"inLanguage":"ENH"},{"@type":"WebPage","@id":"https:\/\/www.dwinhotel.com\/en\/general-terms-of-use-and-legal-notice\/#webpage","url":"https:\/\/www.dwinhotel.com\/en\/general-terms-of-use-and-legal-notice\/","name":"General terms of use and legal notice - DWIN H\u00f4tel Paris Marais","isPartOf":{"@id":"https:\/\/www.dwinhotel.com\/#website"},"datePublished":"2017-11-21T08:31:38+00:00","dateModified":"2024-02-13T13:22:49+00:00","breadcrumb":{"@id":"https:\/\/www.dwinhotel.com\/en\/general-terms-of-use-and-legal-notice\/#breadcrumb"},"inLanguage":"ENH","potentialAction":[{"@type":"ReadAction","target":["https:\/\/www.dwinhotel.com\/en\/general-terms-of-use-and-legal-notice\/"]}]},{"@type":"BreadcrumbList","@id":"https:\/\/www.dwinhotel.com\/en\/general-terms-of-use-and-legal-notice\/#breadcrumb","itemListElement":[{"@type":"ListItem","position":1,"name":"Accueil","item":"https:\/\/www.dwinhotel.com\/en\/"},{"@type":"ListItem","position":2,"name":"General terms of use and legal notice"}]}]}},"_links":{"self":[{"href":"https:\/\/www.dwinhotel.com\/en\/wp-json\/wp\/v2\/pages\/4902"}],"collection":[{"href":"https:\/\/www.dwinhotel.com\/en\/wp-json\/wp\/v2\/pages"}],"about":[{"href":"https:\/\/www.dwinhotel.com\/en\/wp-json\/wp\/v2\/types\/page"}],"author":[{"embeddable":true,"href":"https:\/\/www.dwinhotel.com\/en\/wp-json\/wp\/v2\/users\/2"}],"replies":[{"embeddable":true,"href":"https:\/\/www.dwinhotel.com\/en\/wp-json\/wp\/v2\/comments?post=4902"}],"version-history":[{"count":2,"href":"https:\/\/www.dwinhotel.com\/en\/wp-json\/wp\/v2\/pages\/4902\/revisions"}],"predecessor-version":[{"id":4907,"href":"https:\/\/www.dwinhotel.com\/en\/wp-json\/wp\/v2\/pages\/4902\/revisions\/4907"}],"wp:attachment":[{"href":"https:\/\/www.dwinhotel.com\/en\/wp-json\/wp\/v2\/media?parent=4902"}],"curies":[{"name":"wp","href":"https:\/\/api.w.org\/{rel}","templated":true}]}}