{"id":3507,"date":"2015-07-06T08:33:48","date_gmt":"2015-07-06T06:33:48","guid":{"rendered":"http:\/\/dwin.hotel-webdesign.com\/en\/?page_id=3507"},"modified":"2022-02-16T08:43:31","modified_gmt":"2022-02-16T07:43:31","slug":"contact","status":"publish","type":"page","link":"https:\/\/www.dwinhotel.com\/en\/contact\/","title":{"rendered":"Contact"},"content":{"rendered":"<div id=\"pl-3507\"  class=\"panel-layout\" ><div id=\"pg-3507-0\"  class=\"panel-grid panel-no-style\" ><div id=\"pgc-3507-0-0\"  class=\"panel-grid-cell\" ><div id=\"panel-3507-0-0-0\" class=\"so-panel widget widget_text panel-first-child\" data-index=\"0\" ><h3 class=\"widget-title\">Access<\/h3>\t\t\t<div class=\"textwidget\"><p>Metros 1 &amp; 11 at <strong>H\u00f4tel de Ville station<\/strong> (2-minute walk)<\/p>\n<p>Metros 1, 4, 7, 14 &amp; train RERs A, B, D at <strong>Ch\u00e2telet les Halles main station <\/strong>(5-minute walk)<\/p>\n<\/div>\n\t\t<\/div><div id=\"panel-3507-0-0-1\" class=\"so-panel widget widget_icon-box\" data-index=\"1\" ><div class=\"thim-widget-icon-box thim-widget-icon-box-base\"><div class=\"inner-box \"><div  class=\"wrapper-box-icon text-center   wrapper-line-heading\" ><div class=\"smicon-box iconbox-top\"><div class=\"content-inner\" ><div class=\"sc-heading article_heading\"><h2 class = \"heading__primary\" >Write to us<\/h2><span class=\"line-heading\"><span><\/span><\/span><\/div><div class=\"desc-icon-box\"><div >Please use the form below <\/div><\/div><\/div><\/div><!--end smicon-box--><\/div><\/div><\/div><\/div><div id=\"panel-3507-0-0-2\" class=\"so-panel widget widget_text panel-last-child\" data-index=\"2\" ><div class=\"panel-widget-style panel-widget-style-for-3507-0-0-2\" >\t\t\t<div class=\"textwidget\"><div role=\"form\" class=\"wpcf7\" id=\"wpcf7-f3509-o1\" lang=\"en-US\" dir=\"ltr\">\n<div class=\"screen-reader-response\"><p role=\"status\" aria-live=\"polite\" aria-atomic=\"true\"><\/p> <ul><\/ul><\/div>\n<form action=\"\/en\/wp-json\/wp\/v2\/pages\/3507#wpcf7-f3509-o1\" method=\"post\" class=\"wpcf7-form init\" novalidate=\"novalidate\" data-status=\"init\">\n<div style=\"display: none;\">\n<input type=\"hidden\" name=\"_wpcf7\" value=\"3509\" \/>\n<input type=\"hidden\" name=\"_wpcf7_version\" value=\"5.5.3\" \/>\n<input type=\"hidden\" name=\"_wpcf7_locale\" value=\"en_US\" \/>\n<input type=\"hidden\" name=\"_wpcf7_unit_tag\" value=\"wpcf7-f3509-o1\" \/>\n<input type=\"hidden\" name=\"_wpcf7_container_post\" value=\"0\" \/>\n<input type=\"hidden\" name=\"_wpcf7_posted_data_hash\" value=\"\" \/>\n<\/div>\n<div class=\"row\">\n<div class=\"col-sm-6\"><span class=\"wpcf7-form-control-wrap your-name\"><input type=\"text\" name=\"your-name\" value=\"\" size=\"40\" class=\"wpcf7-form-control wpcf7-text\" aria-invalid=\"false\" placeholder=\"Name\" \/><\/span><\/div>\n<div class=\"col-sm-6\"><span class=\"wpcf7-form-control-wrap your-email\"><input type=\"email\" name=\"your-email\" value=\"\" size=\"40\" class=\"wpcf7-form-control wpcf7-text wpcf7-email wpcf7-validates-as-required wpcf7-validates-as-email\" aria-required=\"true\" aria-invalid=\"false\" placeholder=\"Email\" \/><\/span><\/div>\n<\/div>\n<div class=\"row\">\n<div class=\"col-sm-6\"><span class=\"wpcf7-form-control-wrap tel\"><input type=\"text\" name=\"tel\" value=\"\" size=\"40\" class=\"wpcf7-form-control wpcf7-text\" aria-invalid=\"false\" placeholder=\"Phone\" \/><\/span><\/div>\n<div class=\"col-sm-6\"><span class=\"wpcf7-form-control-wrap facebook\"><input type=\"text\" name=\"facebook\" value=\"\" size=\"40\" class=\"wpcf7-form-control wpcf7-text\" aria-invalid=\"false\" placeholder=\"FB ID \/ name\" \/><\/span><\/div>\n<\/div>\n<div class=\"row\">\n<div class=\"col-sm-12\"><span class=\"wpcf7-form-control-wrap your-message\"><textarea name=\"your-message\" cols=\"40\" rows=\"10\" class=\"wpcf7-form-control wpcf7-textarea\" aria-invalid=\"false\" placeholder=\"Message\"><\/textarea><\/span><\/div>\n<\/div>\n<p>[recaptcha]<\/p>\n<p><input type=\"submit\" value=\"OK\" class=\"wpcf7-form-control has-spinner wpcf7-submit\" \/><\/p>\n<p style=\"display: none !important;\"><label>&#916;<textarea name=\"_wpcf7_ak_hp_textarea\" cols=\"45\" rows=\"8\" maxlength=\"100\"><\/textarea><\/label><input type=\"hidden\" id=\"ak_js_1\" name=\"_wpcf7_ak_js\" value=\"88\"\/><script>document.getElementById( \"ak_js_1\" ).setAttribute( \"value\", ( new Date() ).getTime() );<\/script><\/p><div class=\"wpcf7-response-output\" aria-hidden=\"true\"><\/div><\/form><\/div>\n<\/div>\n\t\t<\/div><\/div><\/div><div id=\"pgc-3507-0-1\"  class=\"panel-grid-cell\" ><div id=\"panel-3507-0-1-0\" class=\"so-panel widget widget_icon-box panel-first-child\" data-index=\"3\" ><div class=\"panel-widget-style panel-widget-style-for-3507-0-1-0\" ><div class=\"thim-widget-icon-box thim-widget-icon-box-base\"><div class=\"inner-box \"><div  class=\"wrapper-box-icon text-center   wrapper-line-heading\" ><div class=\"smicon-box iconbox-top\"><div class=\"content-inner\" ><div class=\"sc-heading article_heading\"><h2 class = \"heading__primary\" >Find Us<\/h2><span class=\"line-heading\"><span><\/span><\/span><\/div><\/div><\/div><!--end smicon-box--><\/div><\/div><\/div><\/div><\/div><div id=\"panel-3507-0-1-1\" class=\"so-panel widget widget_icon-box\" data-index=\"4\" ><div class=\"panel-widget-style panel-widget-style-for-3507-0-1-1\" ><div class=\"thim-widget-icon-box thim-widget-icon-box-base\"><div class=\"inner-box \"><div  class=\"wrapper-box-icon text-center  \" ><div class=\"smicon-box iconbox-top\"><div class=\"boxes-icon\" style=\"width: 50px;height: 50px;\"><span class=\"inner-icon\"><span class=\"icon\"><i class=\"fa fa-map-marker\" style=\"color:#d51000; font-size:20px; line-height:20px; vertical-align: middle;\"><\/i><\/span><\/span><\/div><div class=\"content-inner\" ><div class=\"desc-icon-box\"><div >DWIN H\u00f4tel<br \/>\n20 rue du Temple <br \/>\n75004 Paris\nFRANCE <br \/>\nMetro Line 1 - HOTEL DE VILLE\n<\/div><\/div><\/div><\/div><!--end smicon-box--><\/div><\/div><\/div><\/div><\/div><div id=\"panel-3507-0-1-2\" class=\"so-panel widget widget_icon-box\" data-index=\"5\" ><div class=\"panel-widget-style panel-widget-style-for-3507-0-1-2\" ><div class=\"thim-widget-icon-box thim-widget-icon-box-base\"><div class=\"inner-box \"><div  class=\"wrapper-box-icon text-center  \" ><div class=\"smicon-box iconbox-top\"><div class=\"boxes-icon\" style=\"width: 50px;height: 50px;\"><span class=\"inner-icon\"><span class=\"icon\"><i class=\"fa fa-clock-o\" style=\"color:#d51000; font-size:20px; line-height:20px; vertical-align: middle;\"><\/i><\/span><\/span><\/div><div class=\"content-inner\" ><div class=\"desc-icon-box\"><div >Front desk open <br \/>\n24\/24H, 7\/7j <br \/>\n<br \/>\nPhone. <b>+33(0)1 44 54 05 05<\/b><br \/>\nEmail. <b>contact@dwinhotel.com<\/b><\/div><\/div><\/div><\/div><!--end smicon-box--><\/div><\/div><\/div><\/div><\/div><div id=\"panel-3507-0-1-3\" class=\"so-panel widget widget_social panel-last-child\" data-index=\"6\" ><div class=\"text-center panel-widget-style panel-widget-style-for-3507-0-1-3\" ><div class=\"thim-widget-social thim-widget-social-base\"><div class=\"thim-social version-old\">\n\t\t<ul class=\"social_link\">\n\t\t<li><a class=\"face hasTooltip\" ref=\"nofollow\" href=\"https:\/\/www.facebook.com\/DwinHotelParis\/\" target=\"_blank\"><i class=\"fa fa-facebook\"><\/i><\/a><\/li><li><a class=\"google hasTooltip\" ref=\"nofollow\" href=\"https:\/\/www.google.com\/maps\/@48.8586711,2.3538076,3a,73.7y,120h,90t\/data=!3m6!1e1!3m4!1s0FFqy3oDtSEAAAQWj03MJg!2e0!7i13312!8i6656\" target=\"_blank\" ><i class=\"fa fa-google-plus\"><\/i><\/a><\/li>\t<\/ul>\n<\/div><\/div><\/div><\/div><\/div><\/div><\/div>","protected":false},"excerpt":{"rendered":"<p>Metros 1 &amp; 11 at H\u00f4tel de Ville station (2-minute walk) Metros 1, 4, 7, 14 &amp; train RERs A, [&hellip;]<\/p>\n","protected":false},"author":1,"featured_media":0,"parent":0,"menu_order":0,"comment_status":"closed","ping_status":"closed","template":"","meta":{"spay_email":""},"yoast_head":"<!-- This site is optimized with the Yoast SEO plugin v18.1 - https:\/\/yoast.com\/wordpress\/plugins\/seo\/ -->\n<title>Contact Us - DWIN Hotel Paris Marais<\/title>\n<meta name=\"description\" content=\"Contact the hotel through this form. Located in the hearth of Marais historical district in Paris, France, our hotel is an affordable accommodation in Paris\" \/>\n<meta name=\"robots\" content=\"index, follow, max-snippet:-1, max-image-preview:large, max-video-preview:-1\" \/>\n<link rel=\"canonical\" href=\"https:\/\/www.dwinhotel.com\/en\/contact\/\" \/>\n<meta property=\"og:locale\" content=\"en_US\" \/>\n<meta property=\"og:type\" content=\"article\" \/>\n<meta property=\"og:title\" content=\"Contact Us - DWIN Hotel Paris Marais\" \/>\n<meta property=\"og:description\" content=\"Contact the hotel through this form. Located in the hearth of Marais historical district in Paris, France, our hotel is an affordable accommodation in Paris\" \/>\n<meta property=\"og:url\" content=\"https:\/\/www.dwinhotel.com\/en\/contact\/\" \/>\n<meta property=\"og:site_name\" content=\"DWIN H\u00f4tel Paris Marais\" \/>\n<meta property=\"article:publisher\" content=\"https:\/\/www.facebook.com\/DwinHotelParis\/\" \/>\n<meta property=\"article:modified_time\" content=\"2022-02-16T07:43:31+00:00\" \/>\n<meta name=\"twitter:card\" content=\"summary\" \/>\n<script type=\"application\/ld+json\" class=\"yoast-schema-graph\">{\"@context\":\"https:\/\/schema.org\",\"@graph\":[{\"@type\":\"Organization\",\"@id\":\"https:\/\/www.dwinhotel.com\/#organization\",\"name\":\"DWIN HOTEL PARIS MARAIS\",\"url\":\"https:\/\/www.dwinhotel.com\/\",\"sameAs\":[\"https:\/\/www.facebook.com\/DwinHotelParis\/\"],\"logo\":{\"@type\":\"ImageObject\",\"@id\":\"https:\/\/www.dwinhotel.com\/#logo\",\"inLanguage\":\"ENH\",\"url\":\"https:\/\/www.dwinhotel.com\/wp-content\/uploads\/2017\/08\/Logo-rouge.png\",\"contentUrl\":\"https:\/\/www.dwinhotel.com\/wp-content\/uploads\/2017\/08\/Logo-rouge.png\",\"width\":280,\"height\":158,\"caption\":\"DWIN HOTEL PARIS MARAIS\"},\"image\":{\"@id\":\"https:\/\/www.dwinhotel.com\/#logo\"}},{\"@type\":\"WebSite\",\"@id\":\"https:\/\/www.dwinhotel.com\/#website\",\"url\":\"https:\/\/www.dwinhotel.com\/\",\"name\":\"DWIN H\u00f4tel Paris Marais\",\"description\":\"Votre h\u00f4tel dans le Marais \u00e0 Paris\",\"publisher\":{\"@id\":\"https:\/\/www.dwinhotel.com\/#organization\"},\"potentialAction\":[{\"@type\":\"SearchAction\",\"target\":{\"@type\":\"EntryPoint\",\"urlTemplate\":\"https:\/\/www.dwinhotel.com\/?s={search_term_string}\"},\"query-input\":\"required name=search_term_string\"}],\"inLanguage\":\"ENH\"},{\"@type\":\"WebPage\",\"@id\":\"https:\/\/www.dwinhotel.com\/en\/contact\/#webpage\",\"url\":\"https:\/\/www.dwinhotel.com\/en\/contact\/\",\"name\":\"Contact Us - DWIN Hotel Paris Marais\",\"isPartOf\":{\"@id\":\"https:\/\/www.dwinhotel.com\/#website\"},\"datePublished\":\"2015-07-06T06:33:48+00:00\",\"dateModified\":\"2022-02-16T07:43:31+00:00\",\"description\":\"Contact the hotel through this form. Located in the hearth of Marais historical district in Paris, France, our hotel is an affordable accommodation in Paris\",\"breadcrumb\":{\"@id\":\"https:\/\/www.dwinhotel.com\/en\/contact\/#breadcrumb\"},\"inLanguage\":\"ENH\",\"potentialAction\":[{\"@type\":\"ReadAction\",\"target\":[\"https:\/\/www.dwinhotel.com\/en\/contact\/\"]}]},{\"@type\":\"BreadcrumbList\",\"@id\":\"https:\/\/www.dwinhotel.com\/en\/contact\/#breadcrumb\",\"itemListElement\":[{\"@type\":\"ListItem\",\"position\":1,\"name\":\"Accueil\",\"item\":\"https:\/\/www.dwinhotel.com\/en\/\"},{\"@type\":\"ListItem\",\"position\":2,\"name\":\"Contact\"}]}]}<\/script>\n<!-- \/ Yoast SEO plugin. -->","yoast_head_json":{"title":"Contact Us - DWIN Hotel Paris Marais","description":"Contact the hotel through this form. Located in the hearth of Marais historical district in Paris, France, our hotel is an affordable accommodation in Paris","robots":{"index":"index","follow":"follow","max-snippet":"max-snippet:-1","max-image-preview":"max-image-preview:large","max-video-preview":"max-video-preview:-1"},"canonical":"https:\/\/www.dwinhotel.com\/en\/contact\/","og_locale":"en_US","og_type":"article","og_title":"Contact Us - DWIN Hotel Paris Marais","og_description":"Contact the hotel through this form. Located in the hearth of Marais historical district in Paris, France, our hotel is an affordable accommodation in Paris","og_url":"https:\/\/www.dwinhotel.com\/en\/contact\/","og_site_name":"DWIN H\u00f4tel Paris Marais","article_publisher":"https:\/\/www.facebook.com\/DwinHotelParis\/","article_modified_time":"2022-02-16T07:43:31+00:00","twitter_card":"summary","schema":{"@context":"https:\/\/schema.org","@graph":[{"@type":"Organization","@id":"https:\/\/www.dwinhotel.com\/#organization","name":"DWIN HOTEL PARIS MARAIS","url":"https:\/\/www.dwinhotel.com\/","sameAs":["https:\/\/www.facebook.com\/DwinHotelParis\/"],"logo":{"@type":"ImageObject","@id":"https:\/\/www.dwinhotel.com\/#logo","inLanguage":"ENH","url":"https:\/\/www.dwinhotel.com\/wp-content\/uploads\/2017\/08\/Logo-rouge.png","contentUrl":"https:\/\/www.dwinhotel.com\/wp-content\/uploads\/2017\/08\/Logo-rouge.png","width":280,"height":158,"caption":"DWIN HOTEL PARIS MARAIS"},"image":{"@id":"https:\/\/www.dwinhotel.com\/#logo"}},{"@type":"WebSite","@id":"https:\/\/www.dwinhotel.com\/#website","url":"https:\/\/www.dwinhotel.com\/","name":"DWIN H\u00f4tel Paris Marais","description":"Votre h\u00f4tel dans le Marais \u00e0 Paris","publisher":{"@id":"https:\/\/www.dwinhotel.com\/#organization"},"potentialAction":[{"@type":"SearchAction","target":{"@type":"EntryPoint","urlTemplate":"https:\/\/www.dwinhotel.com\/?s={search_term_string}"},"query-input":"required name=search_term_string"}],"inLanguage":"ENH"},{"@type":"WebPage","@id":"https:\/\/www.dwinhotel.com\/en\/contact\/#webpage","url":"https:\/\/www.dwinhotel.com\/en\/contact\/","name":"Contact Us - DWIN Hotel Paris Marais","isPartOf":{"@id":"https:\/\/www.dwinhotel.com\/#website"},"datePublished":"2015-07-06T06:33:48+00:00","dateModified":"2022-02-16T07:43:31+00:00","description":"Contact the hotel through this form. Located in the hearth of Marais historical district in Paris, France, our hotel is an affordable accommodation in Paris","breadcrumb":{"@id":"https:\/\/www.dwinhotel.com\/en\/contact\/#breadcrumb"},"inLanguage":"ENH","potentialAction":[{"@type":"ReadAction","target":["https:\/\/www.dwinhotel.com\/en\/contact\/"]}]},{"@type":"BreadcrumbList","@id":"https:\/\/www.dwinhotel.com\/en\/contact\/#breadcrumb","itemListElement":[{"@type":"ListItem","position":1,"name":"Accueil","item":"https:\/\/www.dwinhotel.com\/en\/"},{"@type":"ListItem","position":2,"name":"Contact"}]}]}},"_links":{"self":[{"href":"https:\/\/www.dwinhotel.com\/en\/wp-json\/wp\/v2\/pages\/3507"}],"collection":[{"href":"https:\/\/www.dwinhotel.com\/en\/wp-json\/wp\/v2\/pages"}],"about":[{"href":"https:\/\/www.dwinhotel.com\/en\/wp-json\/wp\/v2\/types\/page"}],"author":[{"embeddable":true,"href":"https:\/\/www.dwinhotel.com\/en\/wp-json\/wp\/v2\/users\/1"}],"replies":[{"embeddable":true,"href":"https:\/\/www.dwinhotel.com\/en\/wp-json\/wp\/v2\/comments?post=3507"}],"version-history":[{"count":26,"href":"https:\/\/www.dwinhotel.com\/en\/wp-json\/wp\/v2\/pages\/3507\/revisions"}],"predecessor-version":[{"id":4856,"href":"https:\/\/www.dwinhotel.com\/en\/wp-json\/wp\/v2\/pages\/3507\/revisions\/4856"}],"wp:attachment":[{"href":"https:\/\/www.dwinhotel.com\/en\/wp-json\/wp\/v2\/media?parent=3507"}],"curies":[{"name":"wp","href":"https:\/\/api.w.org\/{rel}","templated":true}]}}