{"id":3473,"date":"2015-07-10T10:37:36","date_gmt":"2015-07-10T08:37:36","guid":{"rendered":"http:\/\/dwin.hotel-webdesign.com\/en\/?page_id=3473"},"modified":"2017-12-12T18:23:23","modified_gmt":"2017-12-12T17:23:23","slug":"photos","status":"publish","type":"page","link":"https:\/\/www.dwinhotel.com\/en\/photos\/","title":{"rendered":"Photos"},"content":{"rendered":"<div id=\"pl-3473\"  class=\"panel-layout\" ><div id=\"pg-3473-0\"  class=\"panel-grid panel-no-style\" ><div id=\"pgc-3473-0-0\"  class=\"panel-grid-cell\" ><div id=\"panel-3473-0-0-0\" class=\"so-panel widget widget_rev-slider-widget widget_revslider panel-first-child panel-last-child\" data-index=\"0\" >\n<div id=\"rev_slider_4_1_wrapper\" class=\"rev_slider_wrapper fullwidthbanner-container\" data-source=\"gallery\" style=\"margin:0px auto;background:transparent;padding:0px;margin-top:0px;margin-bottom:0px;\">\n<!-- START REVOLUTION SLIDER 5.4.6.3.1 auto mode -->\n\t<div id=\"rev_slider_4_1\" class=\"rev_slider fullwidthabanner tp-overflow-hidden\" style=\"display:none;\" data-version=\"5.4.6.3.1\">\n<ul>\t<!-- SLIDE  -->\n\t<li data-index=\"rs-17\" data-transition=\"fade\" data-slotamount=\"default\" data-hideafterloop=\"0\" data-hideslideonmobile=\"off\"  data-easein=\"default\" data-easeout=\"default\" data-masterspeed=\"300\"  data-thumb=\"https:\/\/www.dwinhotel.com\/wp-content\/uploads\/2017\/08\/01-Visit-in_dwin_2014_\u00a9sebastienborda-699x1024-e1504342578511-100x50.jpg\"  data-rotate=\"0\"  data-saveperformance=\"off\"  data-title=\"Slide\" data-param1=\"\" data-param2=\"\" data-param3=\"\" data-param4=\"\" data-param5=\"\" data-param6=\"\" data-param7=\"\" data-param8=\"\" data-param9=\"\" data-param10=\"\" data-description=\"\">\n\t\t<!-- MAIN IMAGE -->\n\t\t<img src=\"https:\/\/www.dwinhotel.com\/wp-content\/uploads\/2017\/08\/01-Visit-in_dwin_2014_\u00a9sebastienborda-699x1024-e1504342578511.jpg\"  alt=\"\" title=\"01-Visit-in_dwin_2014_\u00a9sebastienborda-699&#215;1024\"  width=\"696\" height=\"601\" data-bgposition=\"center center\" data-bgfit=\"contain\" data-bgrepeat=\"no-repeat\" class=\"rev-slidebg\" data-no-retina>\n\t\t<!-- LAYERS -->\n\t<\/li>\n\t<!-- SLIDE  -->\n\t<li data-index=\"rs-12\" data-transition=\"fade\" data-slotamount=\"default\" data-hideafterloop=\"0\" data-hideslideonmobile=\"off\"  data-easein=\"default\" data-easeout=\"default\" data-masterspeed=\"300\"  data-thumb=\"https:\/\/www.dwinhotel.com\/wp-content\/uploads\/2017\/08\/14_Visit-in_Hotel-DWIN_2014_\u00a9DavideLEGGIO-1024x682-100x50.jpg\"  data-rotate=\"0\"  data-saveperformance=\"off\"  data-title=\"Slide\" data-param1=\"\" data-param2=\"\" data-param3=\"\" data-param4=\"\" data-param5=\"\" data-param6=\"\" data-param7=\"\" data-param8=\"\" data-param9=\"\" data-param10=\"\" data-description=\"\">\n\t\t<!-- MAIN IMAGE -->\n\t\t<img src=\"https:\/\/www.dwinhotel.com\/wp-content\/uploads\/2017\/08\/14_Visit-in_Hotel-DWIN_2014_\u00a9DavideLEGGIO-1024x682.jpg\"  alt=\"\" title=\"14_Visit-in_Hotel-DWIN_2014_\u00a9DavideLEGGIO-1024&#215;682\"  width=\"1024\" height=\"682\" data-bgposition=\"center center\" data-bgfit=\"contain\" data-bgrepeat=\"no-repeat\" class=\"rev-slidebg\" data-no-retina>\n\t\t<!-- LAYERS -->\n\t<\/li>\n\t<!-- SLIDE  -->\n\t<li data-index=\"rs-11\" data-transition=\"fade\" data-slotamount=\"default\" data-hideafterloop=\"0\" data-hideslideonmobile=\"off\"  data-easein=\"default\" data-easeout=\"default\" data-masterspeed=\"300\"  data-thumb=\"https:\/\/www.dwinhotel.com\/wp-content\/uploads\/2025\/09\/dwin-hotel-hd-15-100x50.jpg\"  data-rotate=\"0\"  data-saveperformance=\"off\"  data-title=\"Slide\" data-param1=\"\" data-param2=\"\" data-param3=\"\" data-param4=\"\" data-param5=\"\" data-param6=\"\" data-param7=\"\" data-param8=\"\" data-param9=\"\" data-param10=\"\" data-description=\"\">\n\t\t<!-- MAIN IMAGE -->\n\t\t<img src=\"https:\/\/www.dwinhotel.com\/wp-content\/uploads\/2025\/09\/dwin-hotel-hd-15.jpg\"  alt=\"\" title=\"dwin h\u00f4tel hd-15\"  data-bgposition=\"center center\" data-bgfit=\"contain\" data-bgrepeat=\"no-repeat\" class=\"rev-slidebg\" data-no-retina>\n\t\t<!-- LAYERS -->\n\t<\/li>\n\t<!-- SLIDE  -->\n\t<li data-index=\"rs-9\" data-transition=\"fade\" data-slotamount=\"default\" data-hideafterloop=\"0\" data-hideslideonmobile=\"off\"  data-easein=\"default\" data-easeout=\"default\" data-masterspeed=\"300\"  data-thumb=\"https:\/\/www.dwinhotel.com\/wp-content\/uploads\/2017\/08\/04-Visit-in_dwin_2014_\u252c\u00aesebastienborda-100x50.jpg\"  data-rotate=\"0\"  data-saveperformance=\"off\"  data-title=\"Slide\" data-param1=\"\" data-param2=\"\" data-param3=\"\" data-param4=\"\" data-param5=\"\" data-param6=\"\" data-param7=\"\" data-param8=\"\" data-param9=\"\" data-param10=\"\" data-description=\"\">\n\t\t<!-- MAIN IMAGE -->\n\t\t<img src=\"https:\/\/www.dwinhotel.com\/wp-content\/uploads\/2017\/08\/04-Visit-in_dwin_2014_\u252c\u00aesebastienborda.jpg\"  alt=\"\" title=\"04-Visit-in_dwin_2014_\u252c\u00aesebastienborda\"  width=\"2000\" height=\"1333\" data-bgposition=\"center center\" data-bgfit=\"contain\" data-bgrepeat=\"no-repeat\" class=\"rev-slidebg\" data-no-retina>\n\t\t<!-- LAYERS -->\n\t<\/li>\n\t<!-- SLIDE  -->\n\t<li data-index=\"rs-10\" data-transition=\"fade\" data-slotamount=\"default\" data-hideafterloop=\"0\" data-hideslideonmobile=\"off\"  data-easein=\"default\" data-easeout=\"default\" data-masterspeed=\"300\"  data-thumb=\"https:\/\/www.dwinhotel.com\/wp-content\/uploads\/2025\/09\/dwin-hotel-hd-17-scaled-100x50.jpg\"  data-rotate=\"0\"  data-saveperformance=\"off\"  data-title=\"Slide\" data-param1=\"\" data-param2=\"\" data-param3=\"\" data-param4=\"\" data-param5=\"\" data-param6=\"\" data-param7=\"\" data-param8=\"\" data-param9=\"\" data-param10=\"\" data-description=\"\">\n\t\t<!-- MAIN IMAGE -->\n\t\t<img src=\"https:\/\/www.dwinhotel.com\/wp-content\/uploads\/2025\/09\/dwin-hotel-hd-17-scaled.jpg\"  alt=\"\" title=\"dwin h\u00f4tel hd-17\"  width=\"2560\" height=\"1652\" data-bgposition=\"center center\" data-bgfit=\"contain\" data-bgrepeat=\"no-repeat\" class=\"rev-slidebg\" data-no-retina>\n\t\t<!-- LAYERS -->\n\t<\/li>\n\t<!-- SLIDE  -->\n\t<li data-index=\"rs-13\" data-transition=\"fade\" data-slotamount=\"default\" data-hideafterloop=\"0\" data-hideslideonmobile=\"off\"  data-easein=\"default\" data-easeout=\"default\" data-masterspeed=\"300\"  data-thumb=\"https:\/\/www.dwinhotel.com\/wp-content\/uploads\/2017\/08\/12_Visit-in_Hotel-DWIN_2014_\u252c\u00aeDavideLEGGIO-100x50.jpg\"  data-rotate=\"0\"  data-saveperformance=\"off\"  data-title=\"Slide\" data-param1=\"\" data-param2=\"\" data-param3=\"\" data-param4=\"\" data-param5=\"\" data-param6=\"\" data-param7=\"\" data-param8=\"\" data-param9=\"\" data-param10=\"\" data-description=\"\">\n\t\t<!-- MAIN IMAGE -->\n\t\t<img src=\"https:\/\/www.dwinhotel.com\/wp-content\/uploads\/2017\/08\/12_Visit-in_Hotel-DWIN_2014_\u252c\u00aeDavideLEGGIO.jpg\"  alt=\"\" title=\"12_Visit-in_Hotel DWIN_2014_\u252c\u00aeDavideLEGGIO\"  width=\"2001\" height=\"1334\" data-bgposition=\"center center\" data-bgfit=\"contain\" data-bgrepeat=\"no-repeat\" class=\"rev-slidebg\" data-no-retina>\n\t\t<!-- LAYERS -->\n\t<\/li>\n\t<!-- SLIDE  -->\n\t<li data-index=\"rs-14\" data-transition=\"fade\" data-slotamount=\"default\" data-hideafterloop=\"0\" data-hideslideonmobile=\"off\"  data-easein=\"default\" data-easeout=\"default\" data-masterspeed=\"300\"  data-thumb=\"https:\/\/www.dwinhotel.com\/wp-content\/uploads\/2017\/08\/13_Visit-in_Hotel-DWIN_2014_\u00a9DavideLEGGIO-1024x682-100x50.jpg\"  data-rotate=\"0\"  data-saveperformance=\"off\"  data-title=\"Slide\" data-param1=\"\" data-param2=\"\" data-param3=\"\" data-param4=\"\" data-param5=\"\" data-param6=\"\" data-param7=\"\" data-param8=\"\" data-param9=\"\" data-param10=\"\" data-description=\"\">\n\t\t<!-- MAIN IMAGE -->\n\t\t<img src=\"https:\/\/www.dwinhotel.com\/wp-content\/uploads\/2017\/08\/13_Visit-in_Hotel-DWIN_2014_\u00a9DavideLEGGIO-1024x682.jpg\"  alt=\"\" title=\"13_Visit-in_Hotel-DWIN_2014_\u00a9DavideLEGGIO-1024&#215;682\"  width=\"1024\" height=\"682\" data-bgposition=\"center center\" data-bgfit=\"contain\" data-bgrepeat=\"no-repeat\" class=\"rev-slidebg\" data-no-retina>\n\t\t<!-- LAYERS -->\n\t<\/li>\n\t<!-- SLIDE  -->\n\t<li data-index=\"rs-15\" data-transition=\"fade\" data-slotamount=\"default\" data-hideafterloop=\"0\" data-hideslideonmobile=\"off\"  data-easein=\"default\" data-easeout=\"default\" data-masterspeed=\"300\"  data-thumb=\"https:\/\/www.dwinhotel.com\/wp-content\/uploads\/2025\/09\/dwin-hotel-hd-19-scaled-100x50.jpg\"  data-rotate=\"0\"  data-saveperformance=\"off\"  data-title=\"Slide\" data-param1=\"\" data-param2=\"\" data-param3=\"\" data-param4=\"\" data-param5=\"\" data-param6=\"\" data-param7=\"\" data-param8=\"\" data-param9=\"\" data-param10=\"\" data-description=\"\">\n\t\t<!-- MAIN IMAGE -->\n\t\t<img src=\"https:\/\/www.dwinhotel.com\/wp-content\/uploads\/2025\/09\/dwin-hotel-hd-19-scaled.jpg\"  alt=\"\" title=\"dwin h\u00f4tel hd-19\"  width=\"2560\" height=\"1829\" data-bgposition=\"center center\" data-bgfit=\"contain\" data-bgrepeat=\"no-repeat\" class=\"rev-slidebg\" data-no-retina>\n\t\t<!-- LAYERS -->\n\t<\/li>\n\t<!-- SLIDE  -->\n\t<li data-index=\"rs-16\" data-transition=\"fade\" data-slotamount=\"default\" data-hideafterloop=\"0\" data-hideslideonmobile=\"off\"  data-easein=\"default\" data-easeout=\"default\" data-masterspeed=\"300\"  data-thumb=\"https:\/\/www.dwinhotel.com\/wp-content\/uploads\/2017\/08\/09-Visit-in_dwin_2014_\u00a9sebastienborda-1024x682-100x50.jpg\"  data-rotate=\"0\"  data-saveperformance=\"off\"  data-title=\"Slide\" data-param1=\"\" data-param2=\"\" data-param3=\"\" data-param4=\"\" data-param5=\"\" data-param6=\"\" data-param7=\"\" data-param8=\"\" data-param9=\"\" data-param10=\"\" data-description=\"\">\n\t\t<!-- MAIN IMAGE -->\n\t\t<img src=\"https:\/\/www.dwinhotel.com\/wp-content\/uploads\/2017\/08\/09-Visit-in_dwin_2014_\u00a9sebastienborda-1024x682.jpg\"  alt=\"\" title=\"09-Visit-in_dwin_2014_\u00a9sebastienborda-1024&#215;682\"  width=\"1024\" height=\"682\" data-bgposition=\"center center\" data-bgfit=\"contain\" data-bgrepeat=\"no-repeat\" class=\"rev-slidebg\" data-no-retina>\n\t\t<!-- LAYERS -->\n\t<\/li>\n<\/ul>\n<script>var htmlDiv = document.getElementById(\"rs-plugin-settings-inline-css\"); var htmlDivCss=\"\";\n\t\t\t\t\t\tif(htmlDiv) {\n\t\t\t\t\t\t\thtmlDiv.innerHTML = htmlDiv.innerHTML + htmlDivCss;\n\t\t\t\t\t\t}else{\n\t\t\t\t\t\t\tvar htmlDiv = document.createElement(\"div\");\n\t\t\t\t\t\t\thtmlDiv.innerHTML = \"<style>\" + htmlDivCss + \"<\/style>\";\n\t\t\t\t\t\t\tdocument.getElementsByTagName(\"head\")[0].appendChild(htmlDiv.childNodes[0]);\n\t\t\t\t\t\t}\n\t\t\t\t\t<\/script>\n<div class=\"tp-bannertimer tp-bottom\" style=\"visibility: hidden !important;\"><\/div>\t<\/div>\n<script>var htmlDiv = document.getElementById(\"rs-plugin-settings-inline-css\"); var htmlDivCss=\"\";\n\t\t\t\tif(htmlDiv) {\n\t\t\t\t\thtmlDiv.innerHTML = htmlDiv.innerHTML + htmlDivCss;\n\t\t\t\t}else{\n\t\t\t\t\tvar htmlDiv = document.createElement(\"div\");\n\t\t\t\t\thtmlDiv.innerHTML = \"<style>\" + htmlDivCss + \"<\/style>\";\n\t\t\t\t\tdocument.getElementsByTagName(\"head\")[0].appendChild(htmlDiv.childNodes[0]);\n\t\t\t\t}\n\t\t\t<\/script>\n\t\t<script type=\"text\/javascript\">\nsetREVStartSize({c: jQuery('#rev_slider_4_1'), responsiveLevels: [1240,1024,778,480], gridwidth: [620,620,620,620], gridheight: [412,412,412,412], sliderLayout: 'auto'});\n\t\t\t\nvar revapi4,\n\ttpj=jQuery;\n\t\t\t\ntpj(document).ready(function() {\n\tif(tpj(\"#rev_slider_4_1\").revolution == undefined){\n\t\trevslider_showDoubleJqueryError(\"#rev_slider_4_1\");\n\t}else{\n\t\trevapi4 = tpj(\"#rev_slider_4_1\").show().revolution({\n\t\t\tsliderType:\"standard\",\n\t\t\tjsFileLocation:\"\/\/www.dwinhotel.com\/wp-content\/plugins\/revslider\/public\/assets\/js\/\",\n\t\t\tsliderLayout:\"auto\",\n\t\t\tdottedOverlay:\"none\",\n\t\t\tdelay:4000,\n\t\t\tnavigation: {\n\t\t\t\tkeyboardNavigation:\"off\",\n\t\t\t\tkeyboard_direction: \"horizontal\",\n\t\t\t\tmouseScrollNavigation:\"off\",\n \t\t\t\t\t\t\tmouseScrollReverse:\"default\",\n\t\t\t\tonHoverStop:\"off\",\n\t\t\t\tarrows: {\n\t\t\t\t\tstyle:\"hesperiden\",\n\t\t\t\t\tenable:true,\n\t\t\t\t\thide_onmobile:false,\n\t\t\t\t\thide_onleave:false,\n\t\t\t\t\ttmp:'',\n\t\t\t\t\tleft: {\n\t\t\t\t\t\th_align:\"left\",\n\t\t\t\t\t\tv_align:\"center\",\n\t\t\t\t\t\th_offset:50,\n\t\t\t\t\t\tv_offset:0\n\t\t\t\t\t},\n\t\t\t\t\tright: {\n\t\t\t\t\t\th_align:\"right\",\n\t\t\t\t\t\tv_align:\"center\",\n\t\t\t\t\t\th_offset:50,\n\t\t\t\t\t\tv_offset:0\n\t\t\t\t\t}\n\t\t\t\t}\n\t\t\t},\n\t\t\tresponsiveLevels:[1240,1024,778,480],\n\t\t\tvisibilityLevels:[1240,1024,778,480],\n\t\t\tgridwidth:[620,620,620,620],\n\t\t\tgridheight:[412,412,412,412],\n\t\t\tlazyType:\"none\",\n\t\t\tshadow:0,\n\t\t\tspinner:\"spinner0\",\n\t\t\tstopLoop:\"off\",\n\t\t\tstopAfterLoops:-1,\n\t\t\tstopAtSlide:-1,\n\t\t\tshuffle:\"off\",\n\t\t\tautoHeight:\"off\",\n\t\t\tdisableProgressBar:\"on\",\n\t\t\thideThumbsOnMobile:\"off\",\n\t\t\thideSliderAtLimit:0,\n\t\t\thideCaptionAtLimit:0,\n\t\t\thideAllCaptionAtLilmit:0,\n\t\t\tdebugMode:false,\n\t\t\tfallbacks: {\n\t\t\t\tsimplifyAll:\"off\",\n\t\t\t\tnextSlideOnWindowFocus:\"off\",\n\t\t\t\tdisableFocusListener:false,\n\t\t\t}\n\t\t});\n\t}\n\t\n});\t\/*ready*\/\n<\/script>\n\t\t<script>\n\t\t\t\t\tvar htmlDivCss = unescape(\".hesperiden.tparrows%20%7B%0A%09cursor%3Apointer%3B%0A%09background%3Argba%280%2C0%2C0%2C0.5%29%3B%0A%09width%3A40px%3B%0A%09height%3A40px%3B%0A%09position%3Aabsolute%3B%0A%09display%3Ablock%3B%0A%09z-index%3A100%3B%0A%20%20%20%20border-radius%3A%2050%25%3B%0A%7D%0A.hesperiden.tparrows%3Ahover%20%7B%0A%09background%3Argba%280%2C%200%2C%200%2C%201%29%3B%0A%7D%0A.hesperiden.tparrows%3Abefore%20%7B%0A%09font-family%3A%20%22revicons%22%3B%0A%09font-size%3A20px%3B%0A%09color%3Argb%28255%2C%20255%2C%20255%29%3B%0A%09display%3Ablock%3B%0A%09line-height%3A%2040px%3B%0A%09text-align%3A%20center%3B%0A%7D%0A.hesperiden.tparrows.tp-leftarrow%3Abefore%20%7B%0A%09content%3A%20%22%5Ce82c%22%3B%0A%20%20%20%20margin-left%3A-3px%3B%0A%7D%0A.hesperiden.tparrows.tp-rightarrow%3Abefore%20%7B%0A%09content%3A%20%22%5Ce82d%22%3B%0A%20%20%20%20margin-right%3A-3px%3B%0A%7D%0A\");\n\t\t\t\t\tvar htmlDiv = document.getElementById('rs-plugin-settings-inline-css');\n\t\t\t\t\tif(htmlDiv) {\n\t\t\t\t\t\thtmlDiv.innerHTML = htmlDiv.innerHTML + htmlDivCss;\n\t\t\t\t\t}\n\t\t\t\t\telse{\n\t\t\t\t\t\tvar htmlDiv = document.createElement('div');\n\t\t\t\t\t\thtmlDiv.innerHTML = '<style>' + htmlDivCss + '<\/style>';\n\t\t\t\t\t\tdocument.getElementsByTagName('head')[0].appendChild(htmlDiv.childNodes[0]);\n\t\t\t\t\t}\n\t\t\t\t  <\/script>\n\t\t\t\t<\/div><!-- END REVOLUTION SLIDER --><\/div><\/div><\/div><\/div>","protected":false},"excerpt":{"rendered":"<p>\n\t\t<br \n<\/p>\n","protected":false},"author":1,"featured_media":0,"parent":0,"menu_order":0,"comment_status":"closed","ping_status":"closed","template":"","meta":{"spay_email":""},"yoast_head":"<!-- This site is optimized with the Yoast SEO plugin v18.1 - https:\/\/yoast.com\/wordpress\/plugins\/seo\/ -->\n<title>Photos - DWIN Hotel Paris Marais<\/title>\n<meta name=\"description\" content=\"Hotel photos. Located in the heart of the Marais district, in Paris city center, our accommodation offers 20 fully equipped rooms\" \/>\n<meta name=\"robots\" content=\"index, follow, max-snippet:-1, max-image-preview:large, max-video-preview:-1\" \/>\n<link rel=\"canonical\" href=\"https:\/\/www.dwinhotel.com\/en\/photos\/\" \/>\n<meta property=\"og:locale\" content=\"en_US\" \/>\n<meta property=\"og:type\" content=\"article\" \/>\n<meta property=\"og:title\" content=\"Photos - DWIN Hotel Paris Marais\" \/>\n<meta property=\"og:description\" content=\"Hotel photos. Located in the heart of the Marais district, in Paris city center, our accommodation offers 20 fully equipped rooms\" \/>\n<meta property=\"og:url\" content=\"https:\/\/www.dwinhotel.com\/en\/photos\/\" \/>\n<meta property=\"og:site_name\" content=\"DWIN H\u00f4tel Paris Marais\" \/>\n<meta property=\"article:publisher\" content=\"https:\/\/www.facebook.com\/DwinHotelParis\/\" \/>\n<meta property=\"article:modified_time\" content=\"2017-12-12T17:23:23+00:00\" \/>\n<meta property=\"og:image\" content=\"https:\/\/www.dwinhotel.com\/wp-content\/uploads\/2017\/08\/01-Visit-in_dwin_2014_\u00a9sebastienborda-699x1024-e1504342578511.jpg\" \/>\n<meta name=\"twitter:card\" content=\"summary\" \/>\n<script type=\"application\/ld+json\" class=\"yoast-schema-graph\">{\"@context\":\"https:\/\/schema.org\",\"@graph\":[{\"@type\":\"Organization\",\"@id\":\"https:\/\/www.dwinhotel.com\/#organization\",\"name\":\"DWIN HOTEL PARIS MARAIS\",\"url\":\"https:\/\/www.dwinhotel.com\/\",\"sameAs\":[\"https:\/\/www.facebook.com\/DwinHotelParis\/\"],\"logo\":{\"@type\":\"ImageObject\",\"@id\":\"https:\/\/www.dwinhotel.com\/#logo\",\"inLanguage\":\"ENH\",\"url\":\"https:\/\/www.dwinhotel.com\/wp-content\/uploads\/2017\/08\/Logo-rouge.png\",\"contentUrl\":\"https:\/\/www.dwinhotel.com\/wp-content\/uploads\/2017\/08\/Logo-rouge.png\",\"width\":280,\"height\":158,\"caption\":\"DWIN HOTEL PARIS MARAIS\"},\"image\":{\"@id\":\"https:\/\/www.dwinhotel.com\/#logo\"}},{\"@type\":\"WebSite\",\"@id\":\"https:\/\/www.dwinhotel.com\/#website\",\"url\":\"https:\/\/www.dwinhotel.com\/\",\"name\":\"DWIN H\u00f4tel Paris Marais\",\"description\":\"Votre h\u00f4tel dans le Marais \u00e0 Paris\",\"publisher\":{\"@id\":\"https:\/\/www.dwinhotel.com\/#organization\"},\"potentialAction\":[{\"@type\":\"SearchAction\",\"target\":{\"@type\":\"EntryPoint\",\"urlTemplate\":\"https:\/\/www.dwinhotel.com\/?s={search_term_string}\"},\"query-input\":\"required name=search_term_string\"}],\"inLanguage\":\"ENH\"},{\"@type\":\"ImageObject\",\"@id\":\"https:\/\/www.dwinhotel.com\/en\/photos\/#primaryimage\",\"inLanguage\":\"ENH\",\"url\":\"https:\/\/www.dwinhotel.com\/wp-content\/uploads\/2017\/08\/01-Visit-in_dwin_2014_\u00a9sebastienborda-699x1024-e1504342578511.jpg\",\"contentUrl\":\"https:\/\/www.dwinhotel.com\/wp-content\/uploads\/2017\/08\/01-Visit-in_dwin_2014_\u00a9sebastienborda-699x1024-e1504342578511.jpg\",\"width\":696,\"height\":601},{\"@type\":\"WebPage\",\"@id\":\"https:\/\/www.dwinhotel.com\/en\/photos\/#webpage\",\"url\":\"https:\/\/www.dwinhotel.com\/en\/photos\/\",\"name\":\"Photos - DWIN Hotel Paris Marais\",\"isPartOf\":{\"@id\":\"https:\/\/www.dwinhotel.com\/#website\"},\"primaryImageOfPage\":{\"@id\":\"https:\/\/www.dwinhotel.com\/en\/photos\/#primaryimage\"},\"datePublished\":\"2015-07-10T08:37:36+00:00\",\"dateModified\":\"2017-12-12T17:23:23+00:00\",\"description\":\"Hotel photos. Located in the heart of the Marais district, in Paris city center, our accommodation offers 20 fully equipped rooms\",\"breadcrumb\":{\"@id\":\"https:\/\/www.dwinhotel.com\/en\/photos\/#breadcrumb\"},\"inLanguage\":\"ENH\",\"potentialAction\":[{\"@type\":\"ReadAction\",\"target\":[\"https:\/\/www.dwinhotel.com\/en\/photos\/\"]}]},{\"@type\":\"BreadcrumbList\",\"@id\":\"https:\/\/www.dwinhotel.com\/en\/photos\/#breadcrumb\",\"itemListElement\":[{\"@type\":\"ListItem\",\"position\":1,\"name\":\"Accueil\",\"item\":\"https:\/\/www.dwinhotel.com\/en\/\"},{\"@type\":\"ListItem\",\"position\":2,\"name\":\"Photos\"}]}]}<\/script>\n<!-- \/ Yoast SEO plugin. -->","yoast_head_json":{"title":"Photos - DWIN Hotel Paris Marais","description":"Hotel photos. Located in the heart of the Marais district, in Paris city center, our accommodation offers 20 fully equipped rooms","robots":{"index":"index","follow":"follow","max-snippet":"max-snippet:-1","max-image-preview":"max-image-preview:large","max-video-preview":"max-video-preview:-1"},"canonical":"https:\/\/www.dwinhotel.com\/en\/photos\/","og_locale":"en_US","og_type":"article","og_title":"Photos - DWIN Hotel Paris Marais","og_description":"Hotel photos. Located in the heart of the Marais district, in Paris city center, our accommodation offers 20 fully equipped rooms","og_url":"https:\/\/www.dwinhotel.com\/en\/photos\/","og_site_name":"DWIN H\u00f4tel Paris Marais","article_publisher":"https:\/\/www.facebook.com\/DwinHotelParis\/","article_modified_time":"2017-12-12T17:23:23+00:00","og_image":[{"url":"https:\/\/www.dwinhotel.com\/wp-content\/uploads\/2017\/08\/01-Visit-in_dwin_2014_\u00a9sebastienborda-699x1024-e1504342578511.jpg"}],"twitter_card":"summary","schema":{"@context":"https:\/\/schema.org","@graph":[{"@type":"Organization","@id":"https:\/\/www.dwinhotel.com\/#organization","name":"DWIN HOTEL PARIS MARAIS","url":"https:\/\/www.dwinhotel.com\/","sameAs":["https:\/\/www.facebook.com\/DwinHotelParis\/"],"logo":{"@type":"ImageObject","@id":"https:\/\/www.dwinhotel.com\/#logo","inLanguage":"ENH","url":"https:\/\/www.dwinhotel.com\/wp-content\/uploads\/2017\/08\/Logo-rouge.png","contentUrl":"https:\/\/www.dwinhotel.com\/wp-content\/uploads\/2017\/08\/Logo-rouge.png","width":280,"height":158,"caption":"DWIN HOTEL PARIS MARAIS"},"image":{"@id":"https:\/\/www.dwinhotel.com\/#logo"}},{"@type":"WebSite","@id":"https:\/\/www.dwinhotel.com\/#website","url":"https:\/\/www.dwinhotel.com\/","name":"DWIN H\u00f4tel Paris Marais","description":"Votre h\u00f4tel dans le Marais \u00e0 Paris","publisher":{"@id":"https:\/\/www.dwinhotel.com\/#organization"},"potentialAction":[{"@type":"SearchAction","target":{"@type":"EntryPoint","urlTemplate":"https:\/\/www.dwinhotel.com\/?s={search_term_string}"},"query-input":"required name=search_term_string"}],"inLanguage":"ENH"},{"@type":"ImageObject","@id":"https:\/\/www.dwinhotel.com\/en\/photos\/#primaryimage","inLanguage":"ENH","url":"https:\/\/www.dwinhotel.com\/wp-content\/uploads\/2017\/08\/01-Visit-in_dwin_2014_\u00a9sebastienborda-699x1024-e1504342578511.jpg","contentUrl":"https:\/\/www.dwinhotel.com\/wp-content\/uploads\/2017\/08\/01-Visit-in_dwin_2014_\u00a9sebastienborda-699x1024-e1504342578511.jpg","width":696,"height":601},{"@type":"WebPage","@id":"https:\/\/www.dwinhotel.com\/en\/photos\/#webpage","url":"https:\/\/www.dwinhotel.com\/en\/photos\/","name":"Photos - DWIN Hotel Paris Marais","isPartOf":{"@id":"https:\/\/www.dwinhotel.com\/#website"},"primaryImageOfPage":{"@id":"https:\/\/www.dwinhotel.com\/en\/photos\/#primaryimage"},"datePublished":"2015-07-10T08:37:36+00:00","dateModified":"2017-12-12T17:23:23+00:00","description":"Hotel photos. Located in the heart of the Marais district, in Paris city center, our accommodation offers 20 fully equipped rooms","breadcrumb":{"@id":"https:\/\/www.dwinhotel.com\/en\/photos\/#breadcrumb"},"inLanguage":"ENH","potentialAction":[{"@type":"ReadAction","target":["https:\/\/www.dwinhotel.com\/en\/photos\/"]}]},{"@type":"BreadcrumbList","@id":"https:\/\/www.dwinhotel.com\/en\/photos\/#breadcrumb","itemListElement":[{"@type":"ListItem","position":1,"name":"Accueil","item":"https:\/\/www.dwinhotel.com\/en\/"},{"@type":"ListItem","position":2,"name":"Photos"}]}]}},"_links":{"self":[{"href":"https:\/\/www.dwinhotel.com\/en\/wp-json\/wp\/v2\/pages\/3473"}],"collection":[{"href":"https:\/\/www.dwinhotel.com\/en\/wp-json\/wp\/v2\/pages"}],"about":[{"href":"https:\/\/www.dwinhotel.com\/en\/wp-json\/wp\/v2\/types\/page"}],"author":[{"embeddable":true,"href":"https:\/\/www.dwinhotel.com\/en\/wp-json\/wp\/v2\/users\/1"}],"replies":[{"embeddable":true,"href":"https:\/\/www.dwinhotel.com\/en\/wp-json\/wp\/v2\/comments?post=3473"}],"version-history":[{"count":4,"href":"https:\/\/www.dwinhotel.com\/en\/wp-json\/wp\/v2\/pages\/3473\/revisions"}],"predecessor-version":[{"id":3980,"href":"https:\/\/www.dwinhotel.com\/en\/wp-json\/wp\/v2\/pages\/3473\/revisions\/3980"}],"wp:attachment":[{"href":"https:\/\/www.dwinhotel.com\/en\/wp-json\/wp\/v2\/media?parent=3473"}],"curies":[{"name":"wp","href":"https:\/\/api.w.org\/{rel}","templated":true}]}}