{"id":3469,"date":"2017-08-22T17:51:49","date_gmt":"2017-08-22T15:51:49","guid":{"rendered":"http:\/\/dwin.hotel-webdesign.com\/en\/?page_id=3469"},"modified":"2017-12-12T18:24:38","modified_gmt":"2017-12-12T17:24:38","slug":"virtual-visit","status":"publish","type":"page","link":"https:\/\/www.dwinhotel.com\/en\/virtual-visit\/","title":{"rendered":"Virtual visit"},"content":{"rendered":"<div id=\"pl-3469\"  class=\"panel-layout\" ><div id=\"pg-3469-0\"  class=\"panel-grid panel-no-style\" ><div id=\"pgc-3469-0-0\"  class=\"panel-grid-cell\" ><div id=\"panel-3469-0-0-0\" class=\"widget_text so-panel widget widget_custom_html panel-first-child panel-last-child\" data-index=\"0\" ><div class=\"textwidget custom-html-widget\"><div class=\"visite-container\"><iframe src=\"https:\/\/www.google.com\/maps\/embed?pb=!1m0!4v1504343082845!6m8!1m7!1s0FFqy3oDtSEAAAQWj03MJg!2m2!1d48.85867105037233!2d2.353807634048735!3f120!4f0!5f0.4000000000000002\" width=\"315\" height=\"560\" frameborder=\"0\" style=\"padding:5%\" allowfullscreen><\/iframe><\/div><\/div><\/div><\/div><\/div><\/div>","protected":false},"excerpt":{"rendered":"","protected":false},"author":1,"featured_media":0,"parent":0,"menu_order":0,"comment_status":"closed","ping_status":"closed","template":"","meta":{"spay_email":""},"yoast_head":"<!-- This site is optimized with the Yoast SEO plugin v18.1 - https:\/\/yoast.com\/wordpress\/plugins\/seo\/ -->\n<title>Virtual visit - DWIN H\u00f4tel Paris Marais<\/title>\n<meta name=\"description\" content=\"Visit our hotel as if you were in it. Affordable hotel in the Marais district near centre Pompidou, Hotel De Ville, metro stations and shops.\" \/>\n<meta name=\"robots\" content=\"index, follow, max-snippet:-1, max-image-preview:large, max-video-preview:-1\" \/>\n<link rel=\"canonical\" href=\"https:\/\/www.dwinhotel.com\/en\/virtual-visit\/\" \/>\n<meta property=\"og:locale\" content=\"en_US\" \/>\n<meta property=\"og:type\" content=\"article\" \/>\n<meta property=\"og:title\" content=\"Virtual visit - DWIN H\u00f4tel Paris Marais\" \/>\n<meta property=\"og:description\" content=\"Visit our hotel as if you were in it. Affordable hotel in the Marais district near centre Pompidou, Hotel De Ville, metro stations and shops.\" \/>\n<meta property=\"og:url\" content=\"https:\/\/www.dwinhotel.com\/en\/virtual-visit\/\" \/>\n<meta property=\"og:site_name\" content=\"DWIN H\u00f4tel Paris Marais\" \/>\n<meta property=\"article:publisher\" content=\"https:\/\/www.facebook.com\/DwinHotelParis\/\" \/>\n<meta property=\"article:modified_time\" content=\"2017-12-12T17:24:38+00:00\" \/>\n<meta name=\"twitter:card\" content=\"summary\" \/>\n<script type=\"application\/ld+json\" class=\"yoast-schema-graph\">{\"@context\":\"https:\/\/schema.org\",\"@graph\":[{\"@type\":\"Organization\",\"@id\":\"https:\/\/www.dwinhotel.com\/#organization\",\"name\":\"DWIN HOTEL PARIS MARAIS\",\"url\":\"https:\/\/www.dwinhotel.com\/\",\"sameAs\":[\"https:\/\/www.facebook.com\/DwinHotelParis\/\"],\"logo\":{\"@type\":\"ImageObject\",\"@id\":\"https:\/\/www.dwinhotel.com\/#logo\",\"inLanguage\":\"ENH\",\"url\":\"https:\/\/www.dwinhotel.com\/wp-content\/uploads\/2017\/08\/Logo-rouge.png\",\"contentUrl\":\"https:\/\/www.dwinhotel.com\/wp-content\/uploads\/2017\/08\/Logo-rouge.png\",\"width\":280,\"height\":158,\"caption\":\"DWIN HOTEL PARIS MARAIS\"},\"image\":{\"@id\":\"https:\/\/www.dwinhotel.com\/#logo\"}},{\"@type\":\"WebSite\",\"@id\":\"https:\/\/www.dwinhotel.com\/#website\",\"url\":\"https:\/\/www.dwinhotel.com\/\",\"name\":\"DWIN H\u00f4tel Paris Marais\",\"description\":\"Votre h\u00f4tel dans le Marais \u00e0 Paris\",\"publisher\":{\"@id\":\"https:\/\/www.dwinhotel.com\/#organization\"},\"potentialAction\":[{\"@type\":\"SearchAction\",\"target\":{\"@type\":\"EntryPoint\",\"urlTemplate\":\"https:\/\/www.dwinhotel.com\/?s={search_term_string}\"},\"query-input\":\"required name=search_term_string\"}],\"inLanguage\":\"ENH\"},{\"@type\":\"WebPage\",\"@id\":\"https:\/\/www.dwinhotel.com\/en\/virtual-visit\/#webpage\",\"url\":\"https:\/\/www.dwinhotel.com\/en\/virtual-visit\/\",\"name\":\"Virtual visit - DWIN H\u00f4tel Paris Marais\",\"isPartOf\":{\"@id\":\"https:\/\/www.dwinhotel.com\/#website\"},\"datePublished\":\"2017-08-22T15:51:49+00:00\",\"dateModified\":\"2017-12-12T17:24:38+00:00\",\"description\":\"Visit our hotel as if you were in it. Affordable hotel in the Marais district near centre Pompidou, Hotel De Ville, metro stations and shops.\",\"breadcrumb\":{\"@id\":\"https:\/\/www.dwinhotel.com\/en\/virtual-visit\/#breadcrumb\"},\"inLanguage\":\"ENH\",\"potentialAction\":[{\"@type\":\"ReadAction\",\"target\":[\"https:\/\/www.dwinhotel.com\/en\/virtual-visit\/\"]}]},{\"@type\":\"BreadcrumbList\",\"@id\":\"https:\/\/www.dwinhotel.com\/en\/virtual-visit\/#breadcrumb\",\"itemListElement\":[{\"@type\":\"ListItem\",\"position\":1,\"name\":\"Accueil\",\"item\":\"https:\/\/www.dwinhotel.com\/en\/\"},{\"@type\":\"ListItem\",\"position\":2,\"name\":\"Virtual visit\"}]}]}<\/script>\n<!-- \/ Yoast SEO plugin. -->","yoast_head_json":{"title":"Virtual visit - DWIN H\u00f4tel Paris Marais","description":"Visit our hotel as if you were in it. Affordable hotel in the Marais district near centre Pompidou, Hotel De Ville, metro stations and shops.","robots":{"index":"index","follow":"follow","max-snippet":"max-snippet:-1","max-image-preview":"max-image-preview:large","max-video-preview":"max-video-preview:-1"},"canonical":"https:\/\/www.dwinhotel.com\/en\/virtual-visit\/","og_locale":"en_US","og_type":"article","og_title":"Virtual visit - DWIN H\u00f4tel Paris Marais","og_description":"Visit our hotel as if you were in it. Affordable hotel in the Marais district near centre Pompidou, Hotel De Ville, metro stations and shops.","og_url":"https:\/\/www.dwinhotel.com\/en\/virtual-visit\/","og_site_name":"DWIN H\u00f4tel Paris Marais","article_publisher":"https:\/\/www.facebook.com\/DwinHotelParis\/","article_modified_time":"2017-12-12T17:24:38+00:00","twitter_card":"summary","schema":{"@context":"https:\/\/schema.org","@graph":[{"@type":"Organization","@id":"https:\/\/www.dwinhotel.com\/#organization","name":"DWIN HOTEL PARIS MARAIS","url":"https:\/\/www.dwinhotel.com\/","sameAs":["https:\/\/www.facebook.com\/DwinHotelParis\/"],"logo":{"@type":"ImageObject","@id":"https:\/\/www.dwinhotel.com\/#logo","inLanguage":"ENH","url":"https:\/\/www.dwinhotel.com\/wp-content\/uploads\/2017\/08\/Logo-rouge.png","contentUrl":"https:\/\/www.dwinhotel.com\/wp-content\/uploads\/2017\/08\/Logo-rouge.png","width":280,"height":158,"caption":"DWIN HOTEL PARIS MARAIS"},"image":{"@id":"https:\/\/www.dwinhotel.com\/#logo"}},{"@type":"WebSite","@id":"https:\/\/www.dwinhotel.com\/#website","url":"https:\/\/www.dwinhotel.com\/","name":"DWIN H\u00f4tel Paris Marais","description":"Votre h\u00f4tel dans le Marais \u00e0 Paris","publisher":{"@id":"https:\/\/www.dwinhotel.com\/#organization"},"potentialAction":[{"@type":"SearchAction","target":{"@type":"EntryPoint","urlTemplate":"https:\/\/www.dwinhotel.com\/?s={search_term_string}"},"query-input":"required name=search_term_string"}],"inLanguage":"ENH"},{"@type":"WebPage","@id":"https:\/\/www.dwinhotel.com\/en\/virtual-visit\/#webpage","url":"https:\/\/www.dwinhotel.com\/en\/virtual-visit\/","name":"Virtual visit - DWIN H\u00f4tel Paris Marais","isPartOf":{"@id":"https:\/\/www.dwinhotel.com\/#website"},"datePublished":"2017-08-22T15:51:49+00:00","dateModified":"2017-12-12T17:24:38+00:00","description":"Visit our hotel as if you were in it. Affordable hotel in the Marais district near centre Pompidou, Hotel De Ville, metro stations and shops.","breadcrumb":{"@id":"https:\/\/www.dwinhotel.com\/en\/virtual-visit\/#breadcrumb"},"inLanguage":"ENH","potentialAction":[{"@type":"ReadAction","target":["https:\/\/www.dwinhotel.com\/en\/virtual-visit\/"]}]},{"@type":"BreadcrumbList","@id":"https:\/\/www.dwinhotel.com\/en\/virtual-visit\/#breadcrumb","itemListElement":[{"@type":"ListItem","position":1,"name":"Accueil","item":"https:\/\/www.dwinhotel.com\/en\/"},{"@type":"ListItem","position":2,"name":"Virtual visit"}]}]}},"_links":{"self":[{"href":"https:\/\/www.dwinhotel.com\/en\/wp-json\/wp\/v2\/pages\/3469"}],"collection":[{"href":"https:\/\/www.dwinhotel.com\/en\/wp-json\/wp\/v2\/pages"}],"about":[{"href":"https:\/\/www.dwinhotel.com\/en\/wp-json\/wp\/v2\/types\/page"}],"author":[{"embeddable":true,"href":"https:\/\/www.dwinhotel.com\/en\/wp-json\/wp\/v2\/users\/1"}],"replies":[{"embeddable":true,"href":"https:\/\/www.dwinhotel.com\/en\/wp-json\/wp\/v2\/comments?post=3469"}],"version-history":[{"count":6,"href":"https:\/\/www.dwinhotel.com\/en\/wp-json\/wp\/v2\/pages\/3469\/revisions"}],"predecessor-version":[{"id":3527,"href":"https:\/\/www.dwinhotel.com\/en\/wp-json\/wp\/v2\/pages\/3469\/revisions\/3527"}],"wp:attachment":[{"href":"https:\/\/www.dwinhotel.com\/en\/wp-json\/wp\/v2\/media?parent=3469"}],"curies":[{"name":"wp","href":"https:\/\/api.w.org\/{rel}","templated":true}]}}